{"id":34,"date":"2023-05-21T13:14:57","date_gmt":"2023-05-21T11:14:57","guid":{"rendered":"https:\/\/www.satzwerk.de\/?page_id=34"},"modified":"2023-05-22T07:00:33","modified_gmt":"2023-05-22T05:00:33","slug":"spielfelder","status":"publish","type":"page","link":"https:\/\/www.satzwerk.de\/","title":{"rendered":"Spielfelder"},"content":{"rendered":"<div class=\"wp-block-image\">\n<figure class=\"alignleft size-full\"><img decoding=\"async\" loading=\"lazy\" width=\"345\" height=\"59\" src=\"https:\/\/www.satzwerk.de\/wp-content\/uploads\/2023\/01\/cropped-Satzwerk_Logo.png\" alt=\"\" class=\"wp-image-83\" srcset=\"https:\/\/www.satzwerk.de\/wp-content\/uploads\/2023\/01\/cropped-Satzwerk_Logo.png 345w, https:\/\/www.satzwerk.de\/wp-content\/uploads\/2023\/01\/cropped-Satzwerk_Logo-300x51.png 300w\" sizes=\"(max-width: 345px) 100vw, 345px\" \/><\/figure><\/div>\n\n\n<p><\/p>\n\n\n\n<p>     <\/p>\n\n\n\n<h2 class=\"wp-block-heading\">Spielfelder<\/h2>\n\n\n\n<p>Wir pr\u00e4sentieren unsere Neuerscheinung \u00bbSpielfelder\u00ab, die<a href=\"https:\/\/khunger.de\/spielfelder\/\"> ab sofort \u00fcber die Autoren<\/a> bezogen werden kann. Buchhandlungen bestellen dort zu branchen\u00fcblichen Konditionen.<\/p>\n\n\n\n<figure class=\"wp-block-image size-full\"><a href=\"https:\/\/khunger.de\/spielfelder\/\"><img decoding=\"async\" loading=\"lazy\" width=\"1000\" height=\"1000\" src=\"https:\/\/www.satzwerk.de\/wp-content\/uploads\/2023\/05\/Klaus_Hunger_T_Schaefer_Spielfelder-1.jpg\" alt=\"Einaband der Neuerscheinung &quot;Spielfelder&quot;\" class=\"wp-image-22\" srcset=\"https:\/\/www.satzwerk.de\/wp-content\/uploads\/2023\/05\/Klaus_Hunger_T_Schaefer_Spielfelder-1.jpg 1000w, https:\/\/www.satzwerk.de\/wp-content\/uploads\/2023\/05\/Klaus_Hunger_T_Schaefer_Spielfelder-1-300x300.jpg 300w, https:\/\/www.satzwerk.de\/wp-content\/uploads\/2023\/05\/Klaus_Hunger_T_Schaefer_Spielfelder-1-150x150.jpg 150w, https:\/\/www.satzwerk.de\/wp-content\/uploads\/2023\/05\/Klaus_Hunger_T_Schaefer_Spielfelder-1-768x768.jpg 768w\" sizes=\"(max-width: 1000px) 100vw, 1000px\" \/><\/a><\/figure>\n\n\n\n<p><strong>11Freunde<\/strong> sagen: \u00bbSchlicht, aber sch\u00f6n.\u00ab<\/p>\n\n\n\n<p>Fu\u00dfballvereine haben M\u00fche, Nachwuchs zu gewinnen, D\u00f6rfer, die fr\u00fcher mal Rivalen waren, legen ihre Abteilungen zusammen. Oder sie machen sie ganz dicht. Zur\u00fcck bleiben die Spielfelder.<\/p>\n\n\n\n<p>Die Fotografien zeigen in dokumentarischer Form und klarer Bildsprache die Spielst\u00e4tten, von denen wir nicht wissen, ob auf ihnen noch gespielt wird. Die Texte handeln von Spielfiguren, wie man ihnen auf den Pl\u00e4tzen begegnen k\u00f6nnte.<br>Bilder und Texte spielen sich den Ball zu, sie erz\u00e4hlen auf ihre eigene Weise \u2013 melancholisch, pr\u00e4zise, vielschichtig, witzig \u2013 ganz f\u00fcr sich und dadurch erst recht miteinander von R\u00e4umen, die wom\u00f6glich weniger aufgegeben sind, als man meinen m\u00f6chte. Sie warten nur darauf, dass angepfiffen wird.<\/p>\n\n\n\n<hr class=\"wp-block-separator has-alpha-channel-opacity\"\/>\n\n\n\n<p><a href=\"https:\/\/www.satzwerk.de\/index.php\/impressum\/\">Impressum<\/a><\/p>\n","protected":false},"excerpt":{"rendered":"<p>Spielfelder Wir pr\u00e4sentieren unsere Neuerscheinung \u00bbSpielfelder\u00ab, die ab sofort \u00fcber die Autoren bezogen werden kann. Buchhandlungen bestellen dort zu branchen\u00fcblichen Konditionen. 11Freunde sagen: \u00bbSchlicht, aber sch\u00f6n.\u00ab Fu\u00dfballvereine haben M\u00fche, Nachwuchs zu gewinnen, D\u00f6rfer, die fr\u00fcher mal Rivalen waren, legen ihre Abteilungen zusammen. Oder sie machen sie ganz dicht. Zur\u00fcck bleiben die Spielfelder. Die Fotografien zeigen&hellip; <a class=\"more-link\" href=\"https:\/\/www.satzwerk.de\/\"><span class=\"screen-reader-text\">Spielfelder<\/span> weiterlesen<\/a><\/p>\n","protected":false},"author":1,"featured_media":0,"parent":0,"menu_order":0,"comment_status":"closed","ping_status":"closed","template":"","meta":[],"_links":{"self":[{"href":"https:\/\/www.satzwerk.de\/index.php\/wp-json\/wp\/v2\/pages\/34"}],"collection":[{"href":"https:\/\/www.satzwerk.de\/index.php\/wp-json\/wp\/v2\/pages"}],"about":[{"href":"https:\/\/www.satzwerk.de\/index.php\/wp-json\/wp\/v2\/types\/page"}],"author":[{"embeddable":true,"href":"https:\/\/www.satzwerk.de\/index.php\/wp-json\/wp\/v2\/users\/1"}],"replies":[{"embeddable":true,"href":"https:\/\/www.satzwerk.de\/index.php\/wp-json\/wp\/v2\/comments?post=34"}],"version-history":[{"count":17,"href":"https:\/\/www.satzwerk.de\/index.php\/wp-json\/wp\/v2\/pages\/34\/revisions"}],"predecessor-version":[{"id":105,"href":"https:\/\/www.satzwerk.de\/index.php\/wp-json\/wp\/v2\/pages\/34\/revisions\/105"}],"wp:attachment":[{"href":"https:\/\/www.satzwerk.de\/index.php\/wp-json\/wp\/v2\/media?parent=34"}],"curies":[{"name":"wp","href":"https:\/\/api.w.org\/{rel}","templated":true}]}}